{"id":39385,"date":"2025-09-04T13:39:16","date_gmt":"2025-09-04T11:39:16","guid":{"rendered":"https:\/\/surfmentaltraining.com\/?page_id=39385"},"modified":"2025-09-04T13:52:47","modified_gmt":"2025-09-04T11:52:47","slug":"online-workshop-from-fear-to-flow-booking-confirmation","status":"publish","type":"page","link":"https:\/\/surfmentaltraining.com\/en\/online-workshop-from-fear-to-flow-booking-confirmation\/","title":{"rendered":"Workshop Booking Confirmation"},"content":{"rendered":"<p>[et_pb_section fb_built=&#8221;1&#8243; admin_label=&#8221;Intro Sektion&#8221; _builder_version=&#8221;4.16&#8243; custom_margin=&#8221;||||true|true&#8221; custom_padding=&#8221;||||false|false&#8221; global_colors_info=&#8221;{}&#8221;][et_pb_row _builder_version=&#8221;4.16&#8243; custom_margin=&#8221;0px||||false|false&#8221; custom_padding=&#8221;0px||||false|false&#8221; global_colors_info=&#8221;{}&#8221;][et_pb_column type=&#8221;4_4&#8243; _builder_version=&#8221;4.16&#8243; global_colors_info=&#8221;{}&#8221;][et_pb_text admin_label=&#8221;H2 \u00dcberschrift&#8221; _builder_version=&#8221;4.27.4&#8243; custom_margin=&#8221;||13px|||&#8221; hover_enabled=&#8221;0&#8243; global_colors_info=&#8221;{}&#8221; sticky_enabled=&#8221;0&#8243;]<\/p>\n<h2 style=\"text-align: center;\">Thank you \u2014 your booking is complete! <\/h2>\n<p>[\/et_pb_text][et_pb_text admin_label=&#8221;H6 \u00dcberschrift&#8221; _builder_version=&#8221;4.27.4&#8243; width=&#8221;80%&#8221; width_tablet=&#8221;100%&#8221; width_phone=&#8221;100%&#8221; width_last_edited=&#8221;on|phone&#8221; module_alignment=&#8221;center&#8221; hover_enabled=&#8221;0&#8243; global_colors_info=&#8221;{}&#8221; sticky_enabled=&#8221;0&#8243;]<\/p>\n<h6 style=\"text-align: center;\">Everything went through successfully. You should have just received a confirmation email with your <strong>Zoom access link<\/strong> for the workshop. <\/h6>\n<h6 style=\"text-align: center;\">\ud83d\udc49 If you don&#8217;t see it in your inbox, please <strong><span style=\"color: #3366ff;\">check your spam or promotions folder<\/span> <\/strong>&#8211; sometimes emails hide there.<\/h6>\n<h6 style=\"text-align: center;\">\ud83d\udc49To make sure you don&#8217;t miss any updates, it&#8217;s best to add my email address to your contacts<span style=\"color: #0c71c3;\">.<\/span><\/h6>\n<h6 style=\"text-align: center;\">I&#8217;m so excited to see you in the workshop!<\/h6>\n<h6 style=\"text-align: center;\">Love,<\/h6>\n<h6 style=\"text-align: center;\">Kim<\/h6>\n<p>[\/et_pb_text][et_pb_image src=&#8221;https:\/\/surfmentaltraining.com\/wp-content\/uploads\/2025\/07\/Kim-Portraet_photo-credits_Nica-Rosario_Resized-scaled.jpg&#8221; title_text=&#8221;Kim Portra\u0308t_photo credits_Nica Rosario_Resized&#8221; align=&#8221;center&#8221; _builder_version=&#8221;4.27.4&#8243; _module_preset=&#8221;default&#8221; global_colors_info=&#8221;{}&#8221;][\/et_pb_image][\/et_pb_column][\/et_pb_row][\/et_pb_section]<\/p>\n","protected":false},"excerpt":{"rendered":"<p>Thank you \u2014 your booking is complete! Everything went through successfully. You should have just received a confirmation email with your Zoom access link for the workshop. \ud83d\udc49 If you don&#8217;t see it in your inbox, please check your spam or promotions folder &#8211; sometimes emails hide there. \ud83d\udc49To make sure you don&#8217;t miss any [&hellip;]<\/p>\n","protected":false},"author":3,"featured_media":0,"parent":0,"menu_order":0,"comment_status":"closed","ping_status":"closed","template":"","meta":{"_acf_changed":false,"_et_pb_use_builder":"on","_et_pb_old_content":"","_et_gb_content_width":"","footnotes":""},"class_list":["post-39385","page","type-page","status-publish","hentry"],"acf":[],"yoast_head":"<!-- This site is optimized with the Yoast SEO plugin v27.5 - https:\/\/yoast.com\/product\/yoast-seo-wordpress\/ -->\n<title>Workshop Booking Confirmation - Surfmentaltraining<\/title>\n<meta name=\"robots\" content=\"index, follow, max-snippet:-1, max-image-preview:large, max-video-preview:-1\" \/>\n<link rel=\"canonical\" href=\"https:\/\/surfmentaltraining.com\/en\/online-workshop-from-fear-to-flow-booking-confirmation\/\" \/>\n<meta property=\"og:locale\" content=\"en_US\" \/>\n<meta property=\"og:type\" content=\"article\" \/>\n<meta property=\"og:title\" content=\"Workshop Booking Confirmation - Surfmentaltraining\" \/>\n<meta property=\"og:description\" content=\"Thank you \u2014 your booking is complete! Everything went through successfully. You should have just received a confirmation email with your Zoom access link for the workshop. \ud83d\udc49 If you don&#039;t see it in your inbox, please check your spam or promotions folder - sometimes emails hide there. \ud83d\udc49To make sure you don&#039;t miss any [&hellip;]\" \/>\n<meta property=\"og:url\" content=\"https:\/\/surfmentaltraining.com\/en\/online-workshop-from-fear-to-flow-booking-confirmation\/\" \/>\n<meta property=\"og:site_name\" content=\"Surfmentaltraining\" \/>\n<meta property=\"article:publisher\" content=\"https:\/\/www.facebook.com\/kim.chareonbood\" \/>\n<meta property=\"article:modified_time\" content=\"2025-09-04T11:52:47+00:00\" \/>\n<meta name=\"twitter:card\" content=\"summary_large_image\" \/>\n<meta name=\"twitter:label1\" content=\"Est. reading time\" \/>\n\t<meta name=\"twitter:data1\" content=\"1 minute\" \/>\n<script type=\"application\/ld+json\" class=\"yoast-schema-graph\">{\"@context\":\"https:\\\/\\\/schema.org\",\"@graph\":[{\"@type\":\"WebPage\",\"@id\":\"https:\\\/\\\/surfmentaltraining.com\\\/en\\\/online-workshop-from-fear-to-flow-booking-confirmation\\\/\",\"url\":\"https:\\\/\\\/surfmentaltraining.com\\\/en\\\/online-workshop-from-fear-to-flow-booking-confirmation\\\/\",\"name\":\"Workshop Booking Confirmation - Surfmentaltraining\",\"isPartOf\":{\"@id\":\"https:\\\/\\\/surfmentaltraining.com\\\/en\\\/#website\"},\"datePublished\":\"2025-09-04T11:39:16+00:00\",\"dateModified\":\"2025-09-04T11:52:47+00:00\",\"breadcrumb\":{\"@id\":\"https:\\\/\\\/surfmentaltraining.com\\\/en\\\/online-workshop-from-fear-to-flow-booking-confirmation\\\/#breadcrumb\"},\"inLanguage\":\"en-US\",\"potentialAction\":[{\"@type\":\"ReadAction\",\"target\":[\"https:\\\/\\\/surfmentaltraining.com\\\/en\\\/online-workshop-from-fear-to-flow-booking-confirmation\\\/\"]}]},{\"@type\":\"BreadcrumbList\",\"@id\":\"https:\\\/\\\/surfmentaltraining.com\\\/en\\\/online-workshop-from-fear-to-flow-booking-confirmation\\\/#breadcrumb\",\"itemListElement\":[{\"@type\":\"ListItem\",\"position\":1,\"name\":\"Startseite\",\"item\":\"https:\\\/\\\/surfmentaltraining.com\\\/en\\\/fearless-surfer-11-coaching\\\/\"},{\"@type\":\"ListItem\",\"position\":2,\"name\":\"Workshop Booking Confirmation\"}]},{\"@type\":\"WebSite\",\"@id\":\"https:\\\/\\\/surfmentaltraining.com\\\/en\\\/#website\",\"url\":\"https:\\\/\\\/surfmentaltraining.com\\\/en\\\/\",\"name\":\"Surfmentaltraining\",\"description\":\"Wie du dich mental auf deine Surftrips vorbereitest und dadurch viel besser surfst und mehr Wellen kriegst: \u00c4ngste und Blockaden beim Surfen aufl\u00f6sen, Selbstvertrauen und Mut aufbauen, mit Gef\u00fchlen wie Frustration und Unsicherheit umgehen\",\"publisher\":{\"@id\":\"https:\\\/\\\/surfmentaltraining.com\\\/en\\\/#organization\"},\"potentialAction\":[{\"@type\":\"SearchAction\",\"target\":{\"@type\":\"EntryPoint\",\"urlTemplate\":\"https:\\\/\\\/surfmentaltraining.com\\\/en\\\/?s={search_term_string}\"},\"query-input\":{\"@type\":\"PropertyValueSpecification\",\"valueRequired\":true,\"valueName\":\"search_term_string\"}}],\"inLanguage\":\"en-US\"},{\"@type\":\"Organization\",\"@id\":\"https:\\\/\\\/surfmentaltraining.com\\\/en\\\/#organization\",\"name\":\"Fearless Surfer Mentaltraining, Hypnose und Retreats\",\"url\":\"https:\\\/\\\/surfmentaltraining.com\\\/en\\\/\",\"logo\":{\"@type\":\"ImageObject\",\"inLanguage\":\"en-US\",\"@id\":\"https:\\\/\\\/surfmentaltraining.com\\\/en\\\/#\\\/schema\\\/logo\\\/image\\\/\",\"url\":\"https:\\\/\\\/surfmentaltraining.com\\\/wp-content\\\/uploads\\\/2022\\\/11\\\/Kim_logo_colors_blue-and-black-resized-1.png\",\"contentUrl\":\"https:\\\/\\\/surfmentaltraining.com\\\/wp-content\\\/uploads\\\/2022\\\/11\\\/Kim_logo_colors_blue-and-black-resized-1.png\",\"width\":202,\"height\":224,\"caption\":\"Fearless Surfer Mentaltraining, Hypnose und Retreats\"},\"image\":{\"@id\":\"https:\\\/\\\/surfmentaltraining.com\\\/en\\\/#\\\/schema\\\/logo\\\/image\\\/\"},\"sameAs\":[\"https:\\\/\\\/www.facebook.com\\\/kim.chareonbood\",\"https:\\\/\\\/www.instagram.com\\\/fearless_surfer\\\/\"]}]}<\/script>\n<!-- \/ Yoast SEO plugin. -->","yoast_head_json":{"title":"Workshop Booking Confirmation - Surfmentaltraining","robots":{"index":"index","follow":"follow","max-snippet":"max-snippet:-1","max-image-preview":"max-image-preview:large","max-video-preview":"max-video-preview:-1"},"canonical":"https:\/\/surfmentaltraining.com\/en\/online-workshop-from-fear-to-flow-booking-confirmation\/","og_locale":"en_US","og_type":"article","og_title":"Workshop Booking Confirmation - Surfmentaltraining","og_description":"Thank you \u2014 your booking is complete! Everything went through successfully. You should have just received a confirmation email with your Zoom access link for the workshop. \ud83d\udc49 If you don't see it in your inbox, please check your spam or promotions folder - sometimes emails hide there. \ud83d\udc49To make sure you don't miss any [&hellip;]","og_url":"https:\/\/surfmentaltraining.com\/en\/online-workshop-from-fear-to-flow-booking-confirmation\/","og_site_name":"Surfmentaltraining","article_publisher":"https:\/\/www.facebook.com\/kim.chareonbood","article_modified_time":"2025-09-04T11:52:47+00:00","twitter_card":"summary_large_image","twitter_misc":{"Est. reading time":"1 minute"},"schema":{"@context":"https:\/\/schema.org","@graph":[{"@type":"WebPage","@id":"https:\/\/surfmentaltraining.com\/en\/online-workshop-from-fear-to-flow-booking-confirmation\/","url":"https:\/\/surfmentaltraining.com\/en\/online-workshop-from-fear-to-flow-booking-confirmation\/","name":"Workshop Booking Confirmation - Surfmentaltraining","isPartOf":{"@id":"https:\/\/surfmentaltraining.com\/en\/#website"},"datePublished":"2025-09-04T11:39:16+00:00","dateModified":"2025-09-04T11:52:47+00:00","breadcrumb":{"@id":"https:\/\/surfmentaltraining.com\/en\/online-workshop-from-fear-to-flow-booking-confirmation\/#breadcrumb"},"inLanguage":"en-US","potentialAction":[{"@type":"ReadAction","target":["https:\/\/surfmentaltraining.com\/en\/online-workshop-from-fear-to-flow-booking-confirmation\/"]}]},{"@type":"BreadcrumbList","@id":"https:\/\/surfmentaltraining.com\/en\/online-workshop-from-fear-to-flow-booking-confirmation\/#breadcrumb","itemListElement":[{"@type":"ListItem","position":1,"name":"Startseite","item":"https:\/\/surfmentaltraining.com\/en\/fearless-surfer-11-coaching\/"},{"@type":"ListItem","position":2,"name":"Workshop Booking Confirmation"}]},{"@type":"WebSite","@id":"https:\/\/surfmentaltraining.com\/en\/#website","url":"https:\/\/surfmentaltraining.com\/en\/","name":"Surfmentaltraining","description":"Wie du dich mental auf deine Surftrips vorbereitest und dadurch viel besser surfst und mehr Wellen kriegst: \u00c4ngste und Blockaden beim Surfen aufl\u00f6sen, Selbstvertrauen und Mut aufbauen, mit Gef\u00fchlen wie Frustration und Unsicherheit umgehen","publisher":{"@id":"https:\/\/surfmentaltraining.com\/en\/#organization"},"potentialAction":[{"@type":"SearchAction","target":{"@type":"EntryPoint","urlTemplate":"https:\/\/surfmentaltraining.com\/en\/?s={search_term_string}"},"query-input":{"@type":"PropertyValueSpecification","valueRequired":true,"valueName":"search_term_string"}}],"inLanguage":"en-US"},{"@type":"Organization","@id":"https:\/\/surfmentaltraining.com\/en\/#organization","name":"Fearless Surfer Mentaltraining, Hypnose und Retreats","url":"https:\/\/surfmentaltraining.com\/en\/","logo":{"@type":"ImageObject","inLanguage":"en-US","@id":"https:\/\/surfmentaltraining.com\/en\/#\/schema\/logo\/image\/","url":"https:\/\/surfmentaltraining.com\/wp-content\/uploads\/2022\/11\/Kim_logo_colors_blue-and-black-resized-1.png","contentUrl":"https:\/\/surfmentaltraining.com\/wp-content\/uploads\/2022\/11\/Kim_logo_colors_blue-and-black-resized-1.png","width":202,"height":224,"caption":"Fearless Surfer Mentaltraining, Hypnose und Retreats"},"image":{"@id":"https:\/\/surfmentaltraining.com\/en\/#\/schema\/logo\/image\/"},"sameAs":["https:\/\/www.facebook.com\/kim.chareonbood","https:\/\/www.instagram.com\/fearless_surfer\/"]}]}},"_links":{"self":[{"href":"https:\/\/surfmentaltraining.com\/en\/wp-json\/wp\/v2\/pages\/39385","targetHints":{"allow":["GET"]}}],"collection":[{"href":"https:\/\/surfmentaltraining.com\/en\/wp-json\/wp\/v2\/pages"}],"about":[{"href":"https:\/\/surfmentaltraining.com\/en\/wp-json\/wp\/v2\/types\/page"}],"author":[{"embeddable":true,"href":"https:\/\/surfmentaltraining.com\/en\/wp-json\/wp\/v2\/users\/3"}],"replies":[{"embeddable":true,"href":"https:\/\/surfmentaltraining.com\/en\/wp-json\/wp\/v2\/comments?post=39385"}],"version-history":[{"count":7,"href":"https:\/\/surfmentaltraining.com\/en\/wp-json\/wp\/v2\/pages\/39385\/revisions"}],"predecessor-version":[{"id":39397,"href":"https:\/\/surfmentaltraining.com\/en\/wp-json\/wp\/v2\/pages\/39385\/revisions\/39397"}],"wp:attachment":[{"href":"https:\/\/surfmentaltraining.com\/en\/wp-json\/wp\/v2\/media?parent=39385"}],"curies":[{"name":"wp","href":"https:\/\/api.w.org\/{rel}","templated":true}]}}