{"id":39132,"date":"2025-07-30T13:31:24","date_gmt":"2025-07-30T11:31:24","guid":{"rendered":"https:\/\/surfmentaltraining.com\/?page_id=39132"},"modified":"2025-08-01T10:00:34","modified_gmt":"2025-08-01T08:00:34","slug":"confirmation-guided-visualization","status":"publish","type":"page","link":"https:\/\/surfmentaltraining.com\/en\/confirmation-guided-visualization\/","title":{"rendered":"Freebie Confirmation"},"content":{"rendered":"<p>[et_pb_section fb_built=&#8221;1&#8243; admin_label=&#8221;Intro Sektion&#8221; _builder_version=&#8221;4.16&#8243; custom_margin=&#8221;||||true|true&#8221; custom_padding=&#8221;||||false|false&#8221; global_colors_info=&#8221;{}&#8221;][et_pb_row _builder_version=&#8221;4.16&#8243; custom_margin=&#8221;0px||||false|false&#8221; custom_padding=&#8221;0px||||false|false&#8221; global_colors_info=&#8221;{}&#8221;][et_pb_column type=&#8221;4_4&#8243; _builder_version=&#8221;4.16&#8243; global_colors_info=&#8221;{}&#8221;][et_pb_text admin_label=&#8221;H2 \u00dcberschrift&#8221; _builder_version=&#8221;4.27.4&#8243; custom_margin=&#8221;||13px|||&#8221; global_colors_info=&#8221;{}&#8221;]<\/p>\n<h2 style=\"text-align: center;\">Success!<\/h2>\n<p>[\/et_pb_text][et_pb_text admin_label=&#8221;H6 \u00dcberschrift&#8221; _builder_version=&#8221;4.27.4&#8243; width=&#8221;80%&#8221; width_tablet=&#8221;100%&#8221; width_phone=&#8221;100%&#8221; width_last_edited=&#8221;on|phone&#8221; module_alignment=&#8221;center&#8221; global_colors_info=&#8221;{}&#8221;]<\/p>\n<h6 style=\"text-align: center;\">Your guided audio visualization is on its way! <\/h6>\n<h6 style=\"text-align: center;\">Check your e-mail in a few short minutes <span style=\"color: #0c71c3;\"><strong>(make sure to double check any promotions or spam folders).<\/strong><\/span><\/h6>\n<h6 style=\"text-align: center;\">First, you\u2019ll receive an email asking you to confirm your email address (required by law in Europe). Once you\u2019ve confirmed, you\u2019ll get a second email with the download link to your audio visualization. <\/h6>\n<h6 style=\"text-align: center;\">Hope you enjoy it &#8211; and happy practicing \ud83d\ude42<\/h6>\n<h6 style=\"text-align: center;\">Love, Kim<\/h6>\n<p>[\/et_pb_text][et_pb_image src=&#8221;https:\/\/surfmentaltraining.com\/wp-content\/uploads\/2025\/07\/Kim-Portraet_photo-credits_Nica-Rosario_Resized-scaled.jpg&#8221; title_text=&#8221;Kim Portra\u0308t_photo credits_Nica Rosario_Resized&#8221; align=&#8221;center&#8221; _builder_version=&#8221;4.27.4&#8243; _module_preset=&#8221;default&#8221; global_colors_info=&#8221;{}&#8221;][\/et_pb_image][\/et_pb_column][\/et_pb_row][\/et_pb_section]<\/p>\n","protected":false},"excerpt":{"rendered":"<p>Success!Your guided audio visualization is on its way! Check your e-mail in a few short minutes (make sure to double check any promotions or spam folders). First, you\u2019ll receive an email asking you to confirm your email address (required by law in Europe). Once you\u2019ve confirmed, you\u2019ll get a second email with the download link [&hellip;]<\/p>\n","protected":false},"author":3,"featured_media":0,"parent":0,"menu_order":0,"comment_status":"closed","ping_status":"closed","template":"","meta":{"_acf_changed":false,"_et_pb_use_builder":"on","_et_pb_old_content":"","_et_gb_content_width":"","footnotes":""},"class_list":["post-39132","page","type-page","status-publish","hentry"],"acf":[],"yoast_head":"<!-- This site is optimized with the Yoast SEO plugin v27.5 - https:\/\/yoast.com\/product\/yoast-seo-wordpress\/ -->\n<title>Freebie Confirmation - Surfmentaltraining<\/title>\n<meta name=\"robots\" content=\"index, follow, max-snippet:-1, max-image-preview:large, max-video-preview:-1\" \/>\n<link rel=\"canonical\" href=\"https:\/\/surfmentaltraining.com\/en\/confirmation-guided-visualization\/\" \/>\n<meta property=\"og:locale\" content=\"en_US\" \/>\n<meta property=\"og:type\" content=\"article\" \/>\n<meta property=\"og:title\" content=\"Freebie Confirmation - Surfmentaltraining\" \/>\n<meta property=\"og:description\" content=\"Success!Your guided audio visualization is on its way! Check your e-mail in a few short minutes (make sure to double check any promotions or spam folders). First, you\u2019ll receive an email asking you to confirm your email address (required by law in Europe). Once you\u2019ve confirmed, you\u2019ll get a second email with the download link [&hellip;]\" \/>\n<meta property=\"og:url\" content=\"https:\/\/surfmentaltraining.com\/en\/confirmation-guided-visualization\/\" \/>\n<meta property=\"og:site_name\" content=\"Surfmentaltraining\" \/>\n<meta property=\"article:publisher\" content=\"https:\/\/www.facebook.com\/kim.chareonbood\" \/>\n<meta property=\"article:modified_time\" content=\"2025-08-01T08:00:34+00:00\" \/>\n<meta name=\"twitter:card\" content=\"summary_large_image\" \/>\n<meta name=\"twitter:label1\" content=\"Est. reading time\" \/>\n\t<meta name=\"twitter:data1\" content=\"1 minute\" \/>\n<script type=\"application\/ld+json\" class=\"yoast-schema-graph\">{\"@context\":\"https:\\\/\\\/schema.org\",\"@graph\":[{\"@type\":\"WebPage\",\"@id\":\"https:\\\/\\\/surfmentaltraining.com\\\/en\\\/confirmation-guided-visualization\\\/\",\"url\":\"https:\\\/\\\/surfmentaltraining.com\\\/en\\\/confirmation-guided-visualization\\\/\",\"name\":\"Freebie Confirmation - Surfmentaltraining\",\"isPartOf\":{\"@id\":\"https:\\\/\\\/surfmentaltraining.com\\\/en\\\/#website\"},\"datePublished\":\"2025-07-30T11:31:24+00:00\",\"dateModified\":\"2025-08-01T08:00:34+00:00\",\"breadcrumb\":{\"@id\":\"https:\\\/\\\/surfmentaltraining.com\\\/en\\\/confirmation-guided-visualization\\\/#breadcrumb\"},\"inLanguage\":\"en-US\",\"potentialAction\":[{\"@type\":\"ReadAction\",\"target\":[\"https:\\\/\\\/surfmentaltraining.com\\\/en\\\/confirmation-guided-visualization\\\/\"]}]},{\"@type\":\"BreadcrumbList\",\"@id\":\"https:\\\/\\\/surfmentaltraining.com\\\/en\\\/confirmation-guided-visualization\\\/#breadcrumb\",\"itemListElement\":[{\"@type\":\"ListItem\",\"position\":1,\"name\":\"Startseite\",\"item\":\"https:\\\/\\\/surfmentaltraining.com\\\/en\\\/fearless-surfer-11-coaching\\\/\"},{\"@type\":\"ListItem\",\"position\":2,\"name\":\"Freebie Confirmation\"}]},{\"@type\":\"WebSite\",\"@id\":\"https:\\\/\\\/surfmentaltraining.com\\\/en\\\/#website\",\"url\":\"https:\\\/\\\/surfmentaltraining.com\\\/en\\\/\",\"name\":\"Surfmentaltraining\",\"description\":\"Wie du dich mental auf deine Surftrips vorbereitest und dadurch viel besser surfst und mehr Wellen kriegst: \u00c4ngste und Blockaden beim Surfen aufl\u00f6sen, Selbstvertrauen und Mut aufbauen, mit Gef\u00fchlen wie Frustration und Unsicherheit umgehen\",\"publisher\":{\"@id\":\"https:\\\/\\\/surfmentaltraining.com\\\/en\\\/#organization\"},\"potentialAction\":[{\"@type\":\"SearchAction\",\"target\":{\"@type\":\"EntryPoint\",\"urlTemplate\":\"https:\\\/\\\/surfmentaltraining.com\\\/en\\\/?s={search_term_string}\"},\"query-input\":{\"@type\":\"PropertyValueSpecification\",\"valueRequired\":true,\"valueName\":\"search_term_string\"}}],\"inLanguage\":\"en-US\"},{\"@type\":\"Organization\",\"@id\":\"https:\\\/\\\/surfmentaltraining.com\\\/en\\\/#organization\",\"name\":\"Fearless Surfer Mentaltraining, Hypnose und Retreats\",\"url\":\"https:\\\/\\\/surfmentaltraining.com\\\/en\\\/\",\"logo\":{\"@type\":\"ImageObject\",\"inLanguage\":\"en-US\",\"@id\":\"https:\\\/\\\/surfmentaltraining.com\\\/en\\\/#\\\/schema\\\/logo\\\/image\\\/\",\"url\":\"https:\\\/\\\/surfmentaltraining.com\\\/wp-content\\\/uploads\\\/2022\\\/11\\\/Kim_logo_colors_blue-and-black-resized-1.png\",\"contentUrl\":\"https:\\\/\\\/surfmentaltraining.com\\\/wp-content\\\/uploads\\\/2022\\\/11\\\/Kim_logo_colors_blue-and-black-resized-1.png\",\"width\":202,\"height\":224,\"caption\":\"Fearless Surfer Mentaltraining, Hypnose und Retreats\"},\"image\":{\"@id\":\"https:\\\/\\\/surfmentaltraining.com\\\/en\\\/#\\\/schema\\\/logo\\\/image\\\/\"},\"sameAs\":[\"https:\\\/\\\/www.facebook.com\\\/kim.chareonbood\",\"https:\\\/\\\/www.instagram.com\\\/fearless_surfer\\\/\"]}]}<\/script>\n<!-- \/ Yoast SEO plugin. -->","yoast_head_json":{"title":"Freebie Confirmation - Surfmentaltraining","robots":{"index":"index","follow":"follow","max-snippet":"max-snippet:-1","max-image-preview":"max-image-preview:large","max-video-preview":"max-video-preview:-1"},"canonical":"https:\/\/surfmentaltraining.com\/en\/confirmation-guided-visualization\/","og_locale":"en_US","og_type":"article","og_title":"Freebie Confirmation - Surfmentaltraining","og_description":"Success!Your guided audio visualization is on its way! Check your e-mail in a few short minutes (make sure to double check any promotions or spam folders). First, you\u2019ll receive an email asking you to confirm your email address (required by law in Europe). Once you\u2019ve confirmed, you\u2019ll get a second email with the download link [&hellip;]","og_url":"https:\/\/surfmentaltraining.com\/en\/confirmation-guided-visualization\/","og_site_name":"Surfmentaltraining","article_publisher":"https:\/\/www.facebook.com\/kim.chareonbood","article_modified_time":"2025-08-01T08:00:34+00:00","twitter_card":"summary_large_image","twitter_misc":{"Est. reading time":"1 minute"},"schema":{"@context":"https:\/\/schema.org","@graph":[{"@type":"WebPage","@id":"https:\/\/surfmentaltraining.com\/en\/confirmation-guided-visualization\/","url":"https:\/\/surfmentaltraining.com\/en\/confirmation-guided-visualization\/","name":"Freebie Confirmation - Surfmentaltraining","isPartOf":{"@id":"https:\/\/surfmentaltraining.com\/en\/#website"},"datePublished":"2025-07-30T11:31:24+00:00","dateModified":"2025-08-01T08:00:34+00:00","breadcrumb":{"@id":"https:\/\/surfmentaltraining.com\/en\/confirmation-guided-visualization\/#breadcrumb"},"inLanguage":"en-US","potentialAction":[{"@type":"ReadAction","target":["https:\/\/surfmentaltraining.com\/en\/confirmation-guided-visualization\/"]}]},{"@type":"BreadcrumbList","@id":"https:\/\/surfmentaltraining.com\/en\/confirmation-guided-visualization\/#breadcrumb","itemListElement":[{"@type":"ListItem","position":1,"name":"Startseite","item":"https:\/\/surfmentaltraining.com\/en\/fearless-surfer-11-coaching\/"},{"@type":"ListItem","position":2,"name":"Freebie Confirmation"}]},{"@type":"WebSite","@id":"https:\/\/surfmentaltraining.com\/en\/#website","url":"https:\/\/surfmentaltraining.com\/en\/","name":"Surfmentaltraining","description":"Wie du dich mental auf deine Surftrips vorbereitest und dadurch viel besser surfst und mehr Wellen kriegst: \u00c4ngste und Blockaden beim Surfen aufl\u00f6sen, Selbstvertrauen und Mut aufbauen, mit Gef\u00fchlen wie Frustration und Unsicherheit umgehen","publisher":{"@id":"https:\/\/surfmentaltraining.com\/en\/#organization"},"potentialAction":[{"@type":"SearchAction","target":{"@type":"EntryPoint","urlTemplate":"https:\/\/surfmentaltraining.com\/en\/?s={search_term_string}"},"query-input":{"@type":"PropertyValueSpecification","valueRequired":true,"valueName":"search_term_string"}}],"inLanguage":"en-US"},{"@type":"Organization","@id":"https:\/\/surfmentaltraining.com\/en\/#organization","name":"Fearless Surfer Mentaltraining, Hypnose und Retreats","url":"https:\/\/surfmentaltraining.com\/en\/","logo":{"@type":"ImageObject","inLanguage":"en-US","@id":"https:\/\/surfmentaltraining.com\/en\/#\/schema\/logo\/image\/","url":"https:\/\/surfmentaltraining.com\/wp-content\/uploads\/2022\/11\/Kim_logo_colors_blue-and-black-resized-1.png","contentUrl":"https:\/\/surfmentaltraining.com\/wp-content\/uploads\/2022\/11\/Kim_logo_colors_blue-and-black-resized-1.png","width":202,"height":224,"caption":"Fearless Surfer Mentaltraining, Hypnose und Retreats"},"image":{"@id":"https:\/\/surfmentaltraining.com\/en\/#\/schema\/logo\/image\/"},"sameAs":["https:\/\/www.facebook.com\/kim.chareonbood","https:\/\/www.instagram.com\/fearless_surfer\/"]}]}},"_links":{"self":[{"href":"https:\/\/surfmentaltraining.com\/en\/wp-json\/wp\/v2\/pages\/39132","targetHints":{"allow":["GET"]}}],"collection":[{"href":"https:\/\/surfmentaltraining.com\/en\/wp-json\/wp\/v2\/pages"}],"about":[{"href":"https:\/\/surfmentaltraining.com\/en\/wp-json\/wp\/v2\/types\/page"}],"author":[{"embeddable":true,"href":"https:\/\/surfmentaltraining.com\/en\/wp-json\/wp\/v2\/users\/3"}],"replies":[{"embeddable":true,"href":"https:\/\/surfmentaltraining.com\/en\/wp-json\/wp\/v2\/comments?post=39132"}],"version-history":[{"count":5,"href":"https:\/\/surfmentaltraining.com\/en\/wp-json\/wp\/v2\/pages\/39132\/revisions"}],"predecessor-version":[{"id":39162,"href":"https:\/\/surfmentaltraining.com\/en\/wp-json\/wp\/v2\/pages\/39132\/revisions\/39162"}],"wp:attachment":[{"href":"https:\/\/surfmentaltraining.com\/en\/wp-json\/wp\/v2\/media?parent=39132"}],"curies":[{"name":"wp","href":"https:\/\/api.w.org\/{rel}","templated":true}]}}