{"id":38856,"date":"2022-02-08T14:03:08","date_gmt":"2022-02-08T13:03:08","guid":{"rendered":"https:\/\/surfmentaltraining.com\/blog\/"},"modified":"2024-12-10T19:26:01","modified_gmt":"2024-12-10T18:26:01","slug":"blog","status":"publish","type":"page","link":"https:\/\/surfmentaltraining.com\/en\/blog\/","title":{"rendered":"Blog"},"content":{"rendered":"<p>[et_pb_section fb_built=&#8221;1&#8243; _builder_version=&#8221;3.22&#8243; global_colors_info=&#8221;{}&#8221; theme_builder_area=&#8221;post_content&#8221;][et_pb_row use_custom_gutter=&#8221;on&#8221; gutter_width=&#8221;1&#8243; module_class=&#8221; et_pb_row_fullwidth&#8221; _builder_version=&#8221;3.25&#8243; width=&#8221;100%&#8221; width_tablet=&#8221;100%&#8221; width_phone=&#8221;&#8221; width_last_edited=&#8221;on|desktop&#8221; max_width=&#8221;100%&#8221; max_width_tablet=&#8221;100%&#8221; max_width_phone=&#8221;&#8221; max_width_last_edited=&#8221;on|desktop&#8221; make_fullwidth=&#8221;on&#8221; global_colors_info=&#8221;{}&#8221; theme_builder_area=&#8221;post_content&#8221;][et_pb_column type=&#8221;4_4&#8243; _builder_version=&#8221;3.25&#8243; custom_padding=&#8221;|||&#8221; global_colors_info=&#8221;{}&#8221; custom_padding__hover=&#8221;|||&#8221; theme_builder_area=&#8221;post_content&#8221;][et_pb_blog posts_number=&#8221;5&#8243; show_more=&#8221;on&#8221; show_comments=&#8221;on&#8221; admin_label=&#8221;Blog Fullwidth V1&#8243; module_class=&#8221;blog-fullwidth-style-01&#8243; _builder_version=&#8221;3.21.1&#8243; header_font=&#8221;|600||on|||||&#8221; header_text_color=&#8221;#000000&#8243; header_font_size=&#8221;20&#8243; header_line_height=&#8221;1.2em&#8221; body_font=&#8221;||||||||&#8221; body_text_color=&#8221;#000000&#8243; body_line_height=&#8221;1.5em&#8221; background_layout=&#8221;dark&#8221; header_font_size_tablet=&#8221;&#8221; header_font_size_phone=&#8221;&#8221; header_font_size_last_edited=&#8221;on|desktop&#8221; pagination_font_size_tablet=&#8221;51&#8243; pagination_line_height_tablet=&#8221;2&#8243; global_colors_info=&#8221;{}&#8221; theme_builder_area=&#8221;post_content&#8221;][\/et_pb_blog][\/et_pb_column][\/et_pb_row][et_pb_row _builder_version=&#8221;4.7.3&#8243; _module_preset=&#8221;default&#8221; custom_padding=&#8221;0px||0px||true|false&#8221; global_colors_info=&#8221;{}&#8221; theme_builder_area=&#8221;post_content&#8221;][et_pb_column type=&#8221;4_4&#8243; _builder_version=&#8221;4.7.3&#8243; _module_preset=&#8221;default&#8221; global_colors_info=&#8221;{}&#8221; theme_builder_area=&#8221;post_content&#8221;][et_pb_code _builder_version=&#8221;4.9.7&#8243; _module_preset=&#8221;default&#8221; global_colors_info=&#8221;{}&#8221; theme_builder_area=&#8221;post_content&#8221;]<\/pee>\n<style><!-- [et_pb_line_break_holder] -->@media only screen and (min-width: 980px) {<!-- [et_pb_line_break_holder] -->.blog-fullwidth-style-01 .et_pb_post {background-color: #fff;margin-top: 0;margin-bottom: 0;padding: 30px;}<!-- [et_pb_line_break_holder] -->.blog-fullwidth-style-01 .et_pb_post:after {content: \".\";visibility: hidden;display: block;height: 0;clear: both;}<!-- [et_pb_line_break_holder] -->.blog-fullwidth-style-01 .et_pb_post h2 {margin-top: 0;}<!-- [et_pb_line_break_holder] -->.blog-fullwidth-style-01 .et_pb_post:nth-child(odd) img {float: left !important;overflow: hidden;width: calc(50% + 60px);height: auto;padding-right: 30px;margin: -30px 0 -30px -30px;}<!-- [et_pb_line_break_holder] -->.blog-fullwidth-style-01 .et_pb_post:nth-child(even) img {float: right;overflow: hidden;width: calc(50% + 60px);height: auto;padding-left: 30px;margin: -30px -30px -30px 0;}<!-- [et_pb_line_break_holder] -->.blog-fullwidth-style-01 .et_pb_post img {background: rgba(255, 255, 255, .75);opacity: 1;-webkit-transition: opacity .25s ease;-moz-transition: opacity .25s ease;<!-- [et_pb_line_break_holder] -->transition: opacity .25s ease;}<!-- [et_pb_line_break_holder] -->.blog-fullwidth-style-01 .et_pb_post img:hover {opacity: .5;}<!-- [et_pb_line_break_holder] -->.blog-fullwidth-style-01 .et_pb_post:nth-child(even) {text-align: right;}<!-- [et_pb_line_break_holder] -->.blog-fullwidth-style-01 .et_pb_post:nth-child(odd) a.more-link {display: block;clear: none;margin-left: calc(50% + 30px);}<!-- [et_pb_line_break_holder] -->.blog-fullwidth-style-01 .et_pb_post:nth-child(even) a.more-link {display: block;clear: none;margin-left: calc(50% - 180px);}<!-- [et_pb_line_break_holder] -->}<!-- [et_pb_line_break_holder] -->.blog-fullwidth-style-01 a.more-link {border: 1px solid #000;width: 150px;color: #000;margin-top: 20px;padding: 10px;text-align: center;text-transform: uppercase;}<!-- [et_pb_line_break_holder] -->.blog-fullwidth-style-01 a.more-link:hover {border: 1px solid #000;color: #fff !important;background: #000;}<!-- [et_pb_line_break_holder] -->.blog-fullwidth-style-01 .alignleft a,<!-- [et_pb_line_break_holder] -->.blog-fullwidth-style-01 .alignright a {background: #222;padding: 10px;color: #fff;font-weight: 800;border-radius: 30px;padding: 10px;top: 24px;position:relative;}<!-- [et_pb_line_break_holder] -->.blog-fullwidth-style-01 .alignleft a:hover,<!-- [et_pb_line_break_holder] -->.blog-fullwidth-style-01 .alignright a:hover {background: #43B152;}<!-- [et_pb_line_break_holder] -->@media only screen and (max-width: 979px) {<!-- [et_pb_line_break_holder] -->.blog-fullwidth-style-01 .et_pb_post {margin-bottom: 0;}<!-- [et_pb_line_break_holder] -->.blog-fullwidth-style-01 .et_pb_post a img {min-width: 100%;}<!-- [et_pb_line_break_holder] -->.blog-fullwidth-style-01 .et_pb_post .entry-featured-image-url {margin: -30px -30px 30px -30px;}<!-- [et_pb_line_break_holder] -->.blog-fullwidth-style-01 .et_pb_post {padding: 30px;}<!-- [et_pb_line_break_holder] -->}<!-- [et_pb_line_break_holder] -->@media only screen and (max-width: 479px) {<!-- [et_pb_line_break_holder] -->.blog-fullwidth-style-01 .et_pb_post .post-meta {margin-top: 10px;}<!-- [et_pb_line_break_holder] -->}<!-- [et_pb_line_break_holder] --><\/style>\n<pee><!-- [et_pb_line_break_holder] --><script type=\"text\/javascript\"><!-- [et_pb_line_break_holder] -->(function($){<!-- [et_pb_line_break_holder] -->  $(document).ready(function(){<!-- [et_pb_line_break_holder] -->    var newVal = 'Read More';<!-- [et_pb_line_break_holder] -->    $('.more-link').html(newVal);<!-- [et_pb_line_break_holder] -->});<!-- [et_pb_line_break_holder] -->})(jQuery);<!-- [et_pb_line_break_holder] --><\/script>[\/et_pb_code][\/et_pb_column][\/et_pb_row][\/et_pb_section]<\/p>\n","protected":false},"excerpt":{"rendered":"","protected":false},"author":3,"featured_media":0,"parent":0,"menu_order":0,"comment_status":"closed","ping_status":"closed","template":"","meta":{"_acf_changed":false,"_et_pb_use_builder":"on","_et_pb_old_content":"","_et_gb_content_width":"","footnotes":""},"class_list":["post-38856","page","type-page","status-publish","hentry"],"acf":[],"yoast_head":"<!-- This site is optimized with the Yoast SEO plugin v27.4 - https:\/\/yoast.com\/product\/yoast-seo-wordpress\/ -->\n<title>Blog - Surfmentaltraining<\/title>\n<meta name=\"robots\" content=\"index, follow, max-snippet:-1, max-image-preview:large, max-video-preview:-1\" \/>\n<link rel=\"canonical\" href=\"https:\/\/surfmentaltraining.com\/en\/blog\/\" \/>\n<meta property=\"og:locale\" content=\"en_US\" \/>\n<meta property=\"og:type\" content=\"article\" \/>\n<meta property=\"og:title\" content=\"Blog - Surfmentaltraining\" \/>\n<meta property=\"og:url\" content=\"https:\/\/surfmentaltraining.com\/en\/blog\/\" \/>\n<meta property=\"og:site_name\" content=\"Surfmentaltraining\" \/>\n<meta property=\"article:publisher\" content=\"https:\/\/www.facebook.com\/kim.chareonbood\" \/>\n<meta property=\"article:modified_time\" content=\"2024-12-10T18:26:01+00:00\" \/>\n<meta name=\"twitter:card\" content=\"summary_large_image\" \/>\n<meta name=\"twitter:label1\" content=\"Est. reading time\" \/>\n\t<meta name=\"twitter:data1\" content=\"1 minute\" \/>\n<script type=\"application\/ld+json\" class=\"yoast-schema-graph\">{\"@context\":\"https:\\\/\\\/schema.org\",\"@graph\":[{\"@type\":\"WebPage\",\"@id\":\"https:\\\/\\\/surfmentaltraining.com\\\/en\\\/blog\\\/\",\"url\":\"https:\\\/\\\/surfmentaltraining.com\\\/en\\\/blog\\\/\",\"name\":\"Blog - Surfmentaltraining\",\"isPartOf\":{\"@id\":\"https:\\\/\\\/surfmentaltraining.com\\\/en\\\/#website\"},\"datePublished\":\"2022-02-08T13:03:08+00:00\",\"dateModified\":\"2024-12-10T18:26:01+00:00\",\"breadcrumb\":{\"@id\":\"https:\\\/\\\/surfmentaltraining.com\\\/en\\\/blog\\\/#breadcrumb\"},\"inLanguage\":\"en-US\",\"potentialAction\":[{\"@type\":\"ReadAction\",\"target\":[\"https:\\\/\\\/surfmentaltraining.com\\\/en\\\/blog\\\/\"]}]},{\"@type\":\"BreadcrumbList\",\"@id\":\"https:\\\/\\\/surfmentaltraining.com\\\/en\\\/blog\\\/#breadcrumb\",\"itemListElement\":[{\"@type\":\"ListItem\",\"position\":1,\"name\":\"Startseite\",\"item\":\"https:\\\/\\\/surfmentaltraining.com\\\/en\\\/fearless-surfer-11-coaching\\\/\"},{\"@type\":\"ListItem\",\"position\":2,\"name\":\"Blog\"}]},{\"@type\":\"WebSite\",\"@id\":\"https:\\\/\\\/surfmentaltraining.com\\\/en\\\/#website\",\"url\":\"https:\\\/\\\/surfmentaltraining.com\\\/en\\\/\",\"name\":\"Surfmentaltraining\",\"description\":\"Wie du dich mental auf deine Surftrips vorbereitest und dadurch viel besser surfst und mehr Wellen kriegst: \u00c4ngste und Blockaden beim Surfen aufl\u00f6sen, Selbstvertrauen und Mut aufbauen, mit Gef\u00fchlen wie Frustration und Unsicherheit umgehen\",\"publisher\":{\"@id\":\"https:\\\/\\\/surfmentaltraining.com\\\/en\\\/#organization\"},\"potentialAction\":[{\"@type\":\"SearchAction\",\"target\":{\"@type\":\"EntryPoint\",\"urlTemplate\":\"https:\\\/\\\/surfmentaltraining.com\\\/en\\\/?s={search_term_string}\"},\"query-input\":{\"@type\":\"PropertyValueSpecification\",\"valueRequired\":true,\"valueName\":\"search_term_string\"}}],\"inLanguage\":\"en-US\"},{\"@type\":\"Organization\",\"@id\":\"https:\\\/\\\/surfmentaltraining.com\\\/en\\\/#organization\",\"name\":\"Fearless Surfer Mentaltraining, Hypnose und Retreats\",\"url\":\"https:\\\/\\\/surfmentaltraining.com\\\/en\\\/\",\"logo\":{\"@type\":\"ImageObject\",\"inLanguage\":\"en-US\",\"@id\":\"https:\\\/\\\/surfmentaltraining.com\\\/en\\\/#\\\/schema\\\/logo\\\/image\\\/\",\"url\":\"https:\\\/\\\/surfmentaltraining.com\\\/wp-content\\\/uploads\\\/2022\\\/11\\\/Kim_logo_colors_blue-and-black-resized-1.png\",\"contentUrl\":\"https:\\\/\\\/surfmentaltraining.com\\\/wp-content\\\/uploads\\\/2022\\\/11\\\/Kim_logo_colors_blue-and-black-resized-1.png\",\"width\":202,\"height\":224,\"caption\":\"Fearless Surfer Mentaltraining, Hypnose und Retreats\"},\"image\":{\"@id\":\"https:\\\/\\\/surfmentaltraining.com\\\/en\\\/#\\\/schema\\\/logo\\\/image\\\/\"},\"sameAs\":[\"https:\\\/\\\/www.facebook.com\\\/kim.chareonbood\",\"https:\\\/\\\/www.instagram.com\\\/fearless_surfer\\\/\"]}]}<\/script>\n<!-- \/ Yoast SEO plugin. -->","yoast_head_json":{"title":"Blog - Surfmentaltraining","robots":{"index":"index","follow":"follow","max-snippet":"max-snippet:-1","max-image-preview":"max-image-preview:large","max-video-preview":"max-video-preview:-1"},"canonical":"https:\/\/surfmentaltraining.com\/en\/blog\/","og_locale":"en_US","og_type":"article","og_title":"Blog - Surfmentaltraining","og_url":"https:\/\/surfmentaltraining.com\/en\/blog\/","og_site_name":"Surfmentaltraining","article_publisher":"https:\/\/www.facebook.com\/kim.chareonbood","article_modified_time":"2024-12-10T18:26:01+00:00","twitter_card":"summary_large_image","twitter_misc":{"Est. reading time":"1 minute"},"schema":{"@context":"https:\/\/schema.org","@graph":[{"@type":"WebPage","@id":"https:\/\/surfmentaltraining.com\/en\/blog\/","url":"https:\/\/surfmentaltraining.com\/en\/blog\/","name":"Blog - Surfmentaltraining","isPartOf":{"@id":"https:\/\/surfmentaltraining.com\/en\/#website"},"datePublished":"2022-02-08T13:03:08+00:00","dateModified":"2024-12-10T18:26:01+00:00","breadcrumb":{"@id":"https:\/\/surfmentaltraining.com\/en\/blog\/#breadcrumb"},"inLanguage":"en-US","potentialAction":[{"@type":"ReadAction","target":["https:\/\/surfmentaltraining.com\/en\/blog\/"]}]},{"@type":"BreadcrumbList","@id":"https:\/\/surfmentaltraining.com\/en\/blog\/#breadcrumb","itemListElement":[{"@type":"ListItem","position":1,"name":"Startseite","item":"https:\/\/surfmentaltraining.com\/en\/fearless-surfer-11-coaching\/"},{"@type":"ListItem","position":2,"name":"Blog"}]},{"@type":"WebSite","@id":"https:\/\/surfmentaltraining.com\/en\/#website","url":"https:\/\/surfmentaltraining.com\/en\/","name":"Surfmentaltraining","description":"Wie du dich mental auf deine Surftrips vorbereitest und dadurch viel besser surfst und mehr Wellen kriegst: \u00c4ngste und Blockaden beim Surfen aufl\u00f6sen, Selbstvertrauen und Mut aufbauen, mit Gef\u00fchlen wie Frustration und Unsicherheit umgehen","publisher":{"@id":"https:\/\/surfmentaltraining.com\/en\/#organization"},"potentialAction":[{"@type":"SearchAction","target":{"@type":"EntryPoint","urlTemplate":"https:\/\/surfmentaltraining.com\/en\/?s={search_term_string}"},"query-input":{"@type":"PropertyValueSpecification","valueRequired":true,"valueName":"search_term_string"}}],"inLanguage":"en-US"},{"@type":"Organization","@id":"https:\/\/surfmentaltraining.com\/en\/#organization","name":"Fearless Surfer Mentaltraining, Hypnose und Retreats","url":"https:\/\/surfmentaltraining.com\/en\/","logo":{"@type":"ImageObject","inLanguage":"en-US","@id":"https:\/\/surfmentaltraining.com\/en\/#\/schema\/logo\/image\/","url":"https:\/\/surfmentaltraining.com\/wp-content\/uploads\/2022\/11\/Kim_logo_colors_blue-and-black-resized-1.png","contentUrl":"https:\/\/surfmentaltraining.com\/wp-content\/uploads\/2022\/11\/Kim_logo_colors_blue-and-black-resized-1.png","width":202,"height":224,"caption":"Fearless Surfer Mentaltraining, Hypnose und Retreats"},"image":{"@id":"https:\/\/surfmentaltraining.com\/en\/#\/schema\/logo\/image\/"},"sameAs":["https:\/\/www.facebook.com\/kim.chareonbood","https:\/\/www.instagram.com\/fearless_surfer\/"]}]}},"_links":{"self":[{"href":"https:\/\/surfmentaltraining.com\/en\/wp-json\/wp\/v2\/pages\/38856","targetHints":{"allow":["GET"]}}],"collection":[{"href":"https:\/\/surfmentaltraining.com\/en\/wp-json\/wp\/v2\/pages"}],"about":[{"href":"https:\/\/surfmentaltraining.com\/en\/wp-json\/wp\/v2\/types\/page"}],"author":[{"embeddable":true,"href":"https:\/\/surfmentaltraining.com\/en\/wp-json\/wp\/v2\/users\/3"}],"replies":[{"embeddable":true,"href":"https:\/\/surfmentaltraining.com\/en\/wp-json\/wp\/v2\/comments?post=38856"}],"version-history":[{"count":1,"href":"https:\/\/surfmentaltraining.com\/en\/wp-json\/wp\/v2\/pages\/38856\/revisions"}],"predecessor-version":[{"id":38857,"href":"https:\/\/surfmentaltraining.com\/en\/wp-json\/wp\/v2\/pages\/38856\/revisions\/38857"}],"wp:attachment":[{"href":"https:\/\/surfmentaltraining.com\/en\/wp-json\/wp\/v2\/media?parent=38856"}],"curies":[{"name":"wp","href":"https:\/\/api.w.org\/{rel}","templated":true}]}}