{"id":36984,"date":"2021-03-07T12:18:21","date_gmt":"2021-03-07T11:18:21","guid":{"rendered":"https:\/\/surfmentaltraining.com\/surfretreat-aljezur-booking-form\/"},"modified":"2025-10-12T00:22:11","modified_gmt":"2025-10-11T22:22:11","slug":"surfretreat-aljezur-booking-form","status":"publish","type":"page","link":"https:\/\/surfmentaltraining.com\/en\/surfretreat-aljezur-booking-form\/","title":{"rendered":"Surf retreat booking form"},"content":{"rendered":"<p>[et_pb_section fb_built=&#8221;1&#8243; admin_label=&#8221;Intro Sektion&#8221; _builder_version=&#8221;4.24.3&#8243; custom_margin=&#8221;||||false|false&#8221; custom_padding=&#8221;||2px||false|false&#8221; global_colors_info=&#8221;{}&#8221;][et_pb_row _builder_version=&#8221;4.16&#8243; custom_margin=&#8221;0px||||false|false&#8221; custom_padding=&#8221;0px||||false|false&#8221; global_colors_info=&#8221;{}&#8221;][et_pb_column type=&#8221;4_4&#8243; _builder_version=&#8221;4.16&#8243; global_colors_info=&#8221;{}&#8221;][et_pb_text admin_label=&#8221;H2 \u00dcberschrift&#8221; _builder_version=&#8221;4.27.4&#8243; custom_margin=&#8221;||13px|||&#8221; global_colors_info=&#8221;{}&#8221;]<\/p>\n<h2 style=\"text-align: center;\">Surfcoaching Training Weeks &#8211; Booking<\/h2>\n<p>&nbsp;<\/p>\n<p>[\/et_pb_text][et_pb_text admin_label=&#8221;H6 \u00dcberschrift&#8221; _builder_version=&#8221;4.27.4&#8243; text_font_size=&#8221;17px&#8221; width=&#8221;80%&#8221; width_tablet=&#8221;100%&#8221; width_phone=&#8221;100%&#8221; width_last_edited=&#8221;on|phone&#8221; module_alignment=&#8221;center&#8221; hover_enabled=&#8221;0&#8243; global_colors_info=&#8221;{}&#8221; sticky_enabled=&#8221;0&#8243;]<\/p>\n<p style=\"text-align: center;\">Do you &#8220;only&#8221; have a question? Then just fill in the name, e-mail and questions fields <a href=\"mailto:surf@surfmentaltraining.c\">or send me a message or voice message to +41792366269<\/a><\/p>\n<p style=\"text-align: center;\"><strong>You want to book? Yeah! Good decision. Fill out the form as completely as possible and we will get back to you. <\/strong><\/p>\n<p style=\"text-align: center;\">\n<p style=\"text-align: center;\"><span style=\"color: #ff0000;\">MAKE SURE THAT YOU HAVE CHECKED THE BOX AT THE BOTTOM OF THE PAGE THAT SAYS \u201eI HAVE READ THE PRIVACY POLICY\u201c<\/span>, OTHERWISE YOU WILL NOT BE ABLE TO SUBMIT THE BOOKING FORM. AFTER CLICKING ON \u201eSUBMIT BOOKING FORM\u201c, YOU SHOULD BE REDIRECTED TO A SEPARATE \u201eCONFIRMATION PAGE\u201c. IF FOR SOME REASON THIS DOES NOT WORK, JUST SEND ME AN E-MAIL TO SURF@SURFMENTALTRAINING.COM. AFTER CLICKING ON \u201eSUBMIT BOOKING FORM\u201c, YOU SHOULD BE REDIRECTED TO A SEPARATE \u201eCONFIRMATION PAGE\u201c. IF FOR SOME REASON THIS DOES NOT WORK, JUST SEND ME AN E-MAIL TO <a href=\"mailto:SURF@SURFMENTALTRAINING.COM\">SURF@SURFMENTALTRAINING.COM<\/a>.<\/p>\n<p style=\"text-align: center;\">What happens after you\u2019ve sent the booking form? We will send you an invoice for a deposit of 50% of the retreat price, the general terms and conditions incl. cancellation conditions. Your place is only confirmed once we have received your deposit. The final payment is due four weeks before the retreat.    <\/p>\n<p>[\/et_pb_text][et_pb_text admin_label=&#8221;H6 \u00dcberschrift&#8221; _builder_version=&#8221;4.27.4&#8243; width=&#8221;80%&#8221; width_tablet=&#8221;100%&#8221; width_phone=&#8221;100%&#8221; width_last_edited=&#8221;on|phone&#8221; module_alignment=&#8221;center&#8221; hover_enabled=&#8221;0&#8243; global_colors_info=&#8221;{}&#8221; sticky_enabled=&#8221;0&#8243; text_font_size=&#8221;19px&#8221;]<\/p>\n<h6 style=\"text-align: center;\"><\/h6>\n<p>&nbsp;<\/p>\n<h6 style=\"text-align: center;\"><strong><span style=\"font-size: 26px;\">THE CONFIDENT SURFER TRAINING WEEKS 2026:<\/span><\/strong><\/h6>\n<p style=\"text-align: center;\"><strong><span style=\"text-decoration: underline;\"><\/span><\/strong><\/p>\n<p style=\"text-align: center;\"><strong><span style=\"text-decoration: underline;\">Aljezur, Portugal:<\/span><\/strong><span style=\"text-decoration: underline;\"><\/span><span style=\"text-decoration: underline;\"><\/span><\/p>\n<p style=\"text-align: center;\">Week 1: Sat, 11.4. &#8211; Sat, 18.4.2026 (Intermediate, all genders) <\/p>\n<p style=\"text-align: center;\">Week 2: Sat, 16.5. &#8211; Sat, 23.5.2026 (New Learners \/ white water, women only) <\/p>\n<p style=\"text-align: center;\">Week 3: Sat, 23.5. &#8211; Sun, 31.5.2026 (&#8220;experienced&#8221; beginners, women only) <\/p>\n<p style=\"text-align: center;\"><strong><span style=\"text-decoration: underline;\"><\/span><\/strong><\/p>\n<p style=\"text-align: center;\"><strong><span style=\"text-decoration: underline;\">Costa da Caparica (Lisbon), Portugal:<\/span><\/strong><span style=\"text-decoration: underline;\"><\/span><span style=\"text-decoration: underline;\"><\/span><\/p>\n<p style=\"text-align: center;\">Week 4: Sat, 12.9. &#8211; Sat, 19.9.2026 (New Learners \/ white water, women only) <\/p>\n<p style=\"text-align: center;\">Week 5: Sat, 19.9. &#8211; Sun, 27.9.2026 (&#8220;experienced&#8221; beginners, women only) <\/p>\n<p style=\"text-align: center;\">\n<p style=\"text-align: center;\">[\/et_pb_text][\/et_pb_column][\/et_pb_row][\/et_pb_section][et_pb_section fb_built=&#8221;1&#8243; _builder_version=&#8221;4.24.3&#8243; _module_preset=&#8221;default&#8221; custom_padding=&#8221;2px||||false|false&#8221; global_colors_info=&#8221;{}&#8221;][et_pb_row _builder_version=&#8221;4.24.3&#8243; _module_preset=&#8221;default&#8221; global_colors_info=&#8221;{}&#8221;][et_pb_column type=&#8221;4_4&#8243; _builder_version=&#8221;4.24.3&#8243; _module_preset=&#8221;default&#8221; global_colors_info=&#8221;{}&#8221;][wpforms_selector form_id=&#8221;38309&#8243; _builder_version=&#8221;4.24.3&#8243; _module_preset=&#8221;default&#8221; global_colors_info=&#8221;{}&#8221;][\/wpforms_selector][\/et_pb_column][\/et_pb_row][\/et_pb_section]<\/p>\n","protected":false},"excerpt":{"rendered":"<p>Surfcoaching Training Weeks &#8211; Booking &nbsp;Do you &#8220;only&#8221; have a question? Then just fill in the name, e-mail and questions fields or send me a message or voice message to +41792366269 You want to book? Yeah! Good decision. Fill out the form as completely as possible and we will get back to you. MAKE SURE [&hellip;]<\/p>\n","protected":false},"author":3,"featured_media":0,"parent":0,"menu_order":0,"comment_status":"closed","ping_status":"closed","template":"","meta":{"_acf_changed":false,"_et_pb_use_builder":"on","_et_pb_old_content":"","_et_gb_content_width":"","footnotes":""},"class_list":["post-36984","page","type-page","status-publish","hentry"],"acf":[],"yoast_head":"<!-- This site is optimized with the Yoast SEO plugin v27.4 - https:\/\/yoast.com\/product\/yoast-seo-wordpress\/ -->\n<title>Surf retreat booking form - Surfmentaltraining<\/title>\n<meta name=\"robots\" content=\"index, follow, max-snippet:-1, max-image-preview:large, max-video-preview:-1\" \/>\n<link rel=\"canonical\" href=\"https:\/\/surfmentaltraining.com\/en\/surfretreat-aljezur-booking-form\/\" \/>\n<meta property=\"og:locale\" content=\"en_US\" \/>\n<meta property=\"og:type\" content=\"article\" \/>\n<meta property=\"og:title\" content=\"Surf retreat booking form - Surfmentaltraining\" \/>\n<meta property=\"og:description\" content=\"Surfcoaching Training Weeks - Booking &nbsp;Do you &quot;only&quot; have a question? Then just fill in the name, e-mail and questions fields or send me a message or voice message to +41792366269 You want to book? Yeah! Good decision. Fill out the form as completely as possible and we will get back to you. MAKE SURE [&hellip;]\" \/>\n<meta property=\"og:url\" content=\"https:\/\/surfmentaltraining.com\/en\/surfretreat-aljezur-booking-form\/\" \/>\n<meta property=\"og:site_name\" content=\"Surfmentaltraining\" \/>\n<meta property=\"article:publisher\" content=\"https:\/\/www.facebook.com\/kim.chareonbood\" \/>\n<meta property=\"article:modified_time\" content=\"2025-10-11T22:22:11+00:00\" \/>\n<meta name=\"twitter:card\" content=\"summary_large_image\" \/>\n<meta name=\"twitter:label1\" content=\"Est. reading time\" \/>\n\t<meta name=\"twitter:data1\" content=\"2 minutes\" \/>\n<script type=\"application\/ld+json\" class=\"yoast-schema-graph\">{\"@context\":\"https:\\\/\\\/schema.org\",\"@graph\":[{\"@type\":\"WebPage\",\"@id\":\"https:\\\/\\\/surfmentaltraining.com\\\/en\\\/surfretreat-aljezur-booking-form\\\/\",\"url\":\"https:\\\/\\\/surfmentaltraining.com\\\/en\\\/surfretreat-aljezur-booking-form\\\/\",\"name\":\"Surf retreat booking form - Surfmentaltraining\",\"isPartOf\":{\"@id\":\"https:\\\/\\\/surfmentaltraining.com\\\/en\\\/#website\"},\"datePublished\":\"2021-03-07T11:18:21+00:00\",\"dateModified\":\"2025-10-11T22:22:11+00:00\",\"breadcrumb\":{\"@id\":\"https:\\\/\\\/surfmentaltraining.com\\\/en\\\/surfretreat-aljezur-booking-form\\\/#breadcrumb\"},\"inLanguage\":\"en-US\",\"potentialAction\":[{\"@type\":\"ReadAction\",\"target\":[\"https:\\\/\\\/surfmentaltraining.com\\\/en\\\/surfretreat-aljezur-booking-form\\\/\"]}]},{\"@type\":\"BreadcrumbList\",\"@id\":\"https:\\\/\\\/surfmentaltraining.com\\\/en\\\/surfretreat-aljezur-booking-form\\\/#breadcrumb\",\"itemListElement\":[{\"@type\":\"ListItem\",\"position\":1,\"name\":\"Startseite\",\"item\":\"https:\\\/\\\/surfmentaltraining.com\\\/en\\\/fearless-surfer-11-coaching\\\/\"},{\"@type\":\"ListItem\",\"position\":2,\"name\":\"Surf retreat booking form\"}]},{\"@type\":\"WebSite\",\"@id\":\"https:\\\/\\\/surfmentaltraining.com\\\/en\\\/#website\",\"url\":\"https:\\\/\\\/surfmentaltraining.com\\\/en\\\/\",\"name\":\"Surfmentaltraining\",\"description\":\"Wie du dich mental auf deine Surftrips vorbereitest und dadurch viel besser surfst und mehr Wellen kriegst: \u00c4ngste und Blockaden beim Surfen aufl\u00f6sen, Selbstvertrauen und Mut aufbauen, mit Gef\u00fchlen wie Frustration und Unsicherheit umgehen\",\"publisher\":{\"@id\":\"https:\\\/\\\/surfmentaltraining.com\\\/en\\\/#organization\"},\"potentialAction\":[{\"@type\":\"SearchAction\",\"target\":{\"@type\":\"EntryPoint\",\"urlTemplate\":\"https:\\\/\\\/surfmentaltraining.com\\\/en\\\/?s={search_term_string}\"},\"query-input\":{\"@type\":\"PropertyValueSpecification\",\"valueRequired\":true,\"valueName\":\"search_term_string\"}}],\"inLanguage\":\"en-US\"},{\"@type\":\"Organization\",\"@id\":\"https:\\\/\\\/surfmentaltraining.com\\\/en\\\/#organization\",\"name\":\"Fearless Surfer Mentaltraining, Hypnose und Retreats\",\"url\":\"https:\\\/\\\/surfmentaltraining.com\\\/en\\\/\",\"logo\":{\"@type\":\"ImageObject\",\"inLanguage\":\"en-US\",\"@id\":\"https:\\\/\\\/surfmentaltraining.com\\\/en\\\/#\\\/schema\\\/logo\\\/image\\\/\",\"url\":\"https:\\\/\\\/surfmentaltraining.com\\\/wp-content\\\/uploads\\\/2022\\\/11\\\/Kim_logo_colors_blue-and-black-resized-1.png\",\"contentUrl\":\"https:\\\/\\\/surfmentaltraining.com\\\/wp-content\\\/uploads\\\/2022\\\/11\\\/Kim_logo_colors_blue-and-black-resized-1.png\",\"width\":202,\"height\":224,\"caption\":\"Fearless Surfer Mentaltraining, Hypnose und Retreats\"},\"image\":{\"@id\":\"https:\\\/\\\/surfmentaltraining.com\\\/en\\\/#\\\/schema\\\/logo\\\/image\\\/\"},\"sameAs\":[\"https:\\\/\\\/www.facebook.com\\\/kim.chareonbood\",\"https:\\\/\\\/www.instagram.com\\\/fearless_surfer\\\/\"]}]}<\/script>\n<!-- \/ Yoast SEO plugin. -->","yoast_head_json":{"title":"Surf retreat booking form - Surfmentaltraining","robots":{"index":"index","follow":"follow","max-snippet":"max-snippet:-1","max-image-preview":"max-image-preview:large","max-video-preview":"max-video-preview:-1"},"canonical":"https:\/\/surfmentaltraining.com\/en\/surfretreat-aljezur-booking-form\/","og_locale":"en_US","og_type":"article","og_title":"Surf retreat booking form - Surfmentaltraining","og_description":"Surfcoaching Training Weeks - Booking &nbsp;Do you \"only\" have a question? Then just fill in the name, e-mail and questions fields or send me a message or voice message to +41792366269 You want to book? Yeah! Good decision. Fill out the form as completely as possible and we will get back to you. MAKE SURE [&hellip;]","og_url":"https:\/\/surfmentaltraining.com\/en\/surfretreat-aljezur-booking-form\/","og_site_name":"Surfmentaltraining","article_publisher":"https:\/\/www.facebook.com\/kim.chareonbood","article_modified_time":"2025-10-11T22:22:11+00:00","twitter_card":"summary_large_image","twitter_misc":{"Est. reading time":"2 minutes"},"schema":{"@context":"https:\/\/schema.org","@graph":[{"@type":"WebPage","@id":"https:\/\/surfmentaltraining.com\/en\/surfretreat-aljezur-booking-form\/","url":"https:\/\/surfmentaltraining.com\/en\/surfretreat-aljezur-booking-form\/","name":"Surf retreat booking form - Surfmentaltraining","isPartOf":{"@id":"https:\/\/surfmentaltraining.com\/en\/#website"},"datePublished":"2021-03-07T11:18:21+00:00","dateModified":"2025-10-11T22:22:11+00:00","breadcrumb":{"@id":"https:\/\/surfmentaltraining.com\/en\/surfretreat-aljezur-booking-form\/#breadcrumb"},"inLanguage":"en-US","potentialAction":[{"@type":"ReadAction","target":["https:\/\/surfmentaltraining.com\/en\/surfretreat-aljezur-booking-form\/"]}]},{"@type":"BreadcrumbList","@id":"https:\/\/surfmentaltraining.com\/en\/surfretreat-aljezur-booking-form\/#breadcrumb","itemListElement":[{"@type":"ListItem","position":1,"name":"Startseite","item":"https:\/\/surfmentaltraining.com\/en\/fearless-surfer-11-coaching\/"},{"@type":"ListItem","position":2,"name":"Surf retreat booking form"}]},{"@type":"WebSite","@id":"https:\/\/surfmentaltraining.com\/en\/#website","url":"https:\/\/surfmentaltraining.com\/en\/","name":"Surfmentaltraining","description":"Wie du dich mental auf deine Surftrips vorbereitest und dadurch viel besser surfst und mehr Wellen kriegst: \u00c4ngste und Blockaden beim Surfen aufl\u00f6sen, Selbstvertrauen und Mut aufbauen, mit Gef\u00fchlen wie Frustration und Unsicherheit umgehen","publisher":{"@id":"https:\/\/surfmentaltraining.com\/en\/#organization"},"potentialAction":[{"@type":"SearchAction","target":{"@type":"EntryPoint","urlTemplate":"https:\/\/surfmentaltraining.com\/en\/?s={search_term_string}"},"query-input":{"@type":"PropertyValueSpecification","valueRequired":true,"valueName":"search_term_string"}}],"inLanguage":"en-US"},{"@type":"Organization","@id":"https:\/\/surfmentaltraining.com\/en\/#organization","name":"Fearless Surfer Mentaltraining, Hypnose und Retreats","url":"https:\/\/surfmentaltraining.com\/en\/","logo":{"@type":"ImageObject","inLanguage":"en-US","@id":"https:\/\/surfmentaltraining.com\/en\/#\/schema\/logo\/image\/","url":"https:\/\/surfmentaltraining.com\/wp-content\/uploads\/2022\/11\/Kim_logo_colors_blue-and-black-resized-1.png","contentUrl":"https:\/\/surfmentaltraining.com\/wp-content\/uploads\/2022\/11\/Kim_logo_colors_blue-and-black-resized-1.png","width":202,"height":224,"caption":"Fearless Surfer Mentaltraining, Hypnose und Retreats"},"image":{"@id":"https:\/\/surfmentaltraining.com\/en\/#\/schema\/logo\/image\/"},"sameAs":["https:\/\/www.facebook.com\/kim.chareonbood","https:\/\/www.instagram.com\/fearless_surfer\/"]}]}},"_links":{"self":[{"href":"https:\/\/surfmentaltraining.com\/en\/wp-json\/wp\/v2\/pages\/36984","targetHints":{"allow":["GET"]}}],"collection":[{"href":"https:\/\/surfmentaltraining.com\/en\/wp-json\/wp\/v2\/pages"}],"about":[{"href":"https:\/\/surfmentaltraining.com\/en\/wp-json\/wp\/v2\/types\/page"}],"author":[{"embeddable":true,"href":"https:\/\/surfmentaltraining.com\/en\/wp-json\/wp\/v2\/users\/3"}],"replies":[{"embeddable":true,"href":"https:\/\/surfmentaltraining.com\/en\/wp-json\/wp\/v2\/comments?post=36984"}],"version-history":[{"count":44,"href":"https:\/\/surfmentaltraining.com\/en\/wp-json\/wp\/v2\/pages\/36984\/revisions"}],"predecessor-version":[{"id":39470,"href":"https:\/\/surfmentaltraining.com\/en\/wp-json\/wp\/v2\/pages\/36984\/revisions\/39470"}],"wp:attachment":[{"href":"https:\/\/surfmentaltraining.com\/en\/wp-json\/wp\/v2\/media?parent=36984"}],"curies":[{"name":"wp","href":"https:\/\/api.w.org\/{rel}","templated":true}]}}